{"id":27189,"date":"2024-10-04T19:36:16","date_gmt":"2024-10-04T19:36:16","guid":{"rendered":"https:\/\/adanadikkatklinigi.com.tr\/?page_id=27189"},"modified":"2024-10-05T09:58:28","modified_gmt":"2024-10-05T09:58:28","slug":"hakkimizda","status":"publish","type":"page","link":"https:\/\/adanadikkatklinigi.com.tr\/index.php\/hakkimizda\/","title":{"rendered":"Hakk\u0131m\u0131zda"},"content":{"rendered":"<p>Neurofeedback ve ilkokul 1.2.3 ve 4 s\u0131n\u0131flara \u00f6dev takibi \u00f6zel ders deste\u011fi sunuyoruz<\/p><p>Misyonumuz:&nbsp;D\u00fcnyada ve T\u00fcrkiyede ba\u015far\u0131larla dolu ve yenilik\u00e7i anlay\u0131\u015f\u0131m\u0131zla etkili ve verimli \u00f6rnek g\u00f6sterilen bir kurum olmak&nbsp;<\/p><p>Misyonumuz:&nbsp;T\u00fcm payda\u015flar\u0131m\u0131za, \u00e7ocuklar\u0131m\u0131za (ya\u015f\u0131 ka\u00e7 olursa olsun) t\u00fcm \u00f6\u011frencilere \u201cs\u0131n\u0131flar\u0131 ne olursa olsun\u201d t\u00fcm gen\u00e7lerimize toplumun en de\u011ferli ta\u015f\u0131 olan ailelere ve velilere, ekibimize, bireylere, \u00e7evremize ve topluma katt\u0131\u011f\u0131m\u0131z donan\u0131mlar\u0131 ve de\u011ferleri s\u00fcrekli ve kal\u0131c\u0131 olacak bi\u00e7imde hayat\u0131n her an\u0131nda belirgin, etkilerini kal\u0131c\u0131 bir \u015fekilde artt\u0131rmak.<\/p><ul class=\"wp-block-list\"><li>Biz merkezli d\u00fc\u015f\u00fcnmemizin \u00f6nemi ve g\u00fcc\u00fcn\u00fc bilen, ortak de\u011ferlerimizi ve davran\u0131\u015flar\u0131m\u0131z\u0131, k\u00fclt\u00fcr\u00fcm\u00fcz\u00fc bilen, \u00f6z\u00fcmseyen benimseyen, ve bunlar\u0131 g\u00fcnl\u00fck sosyal ve akademi ya\u015famlar\u0131n\u0131n i\u00e7erisine dahil ederek \u00e7aba g\u00f6steren bir kurum olma yolunda en iyi hizmeti vermek i\u00e7in Seyhan \/ Adana\u2019day\u0131z.<\/li><\/ul><p>\u00d6\u011fretmen Elif Tabak 1977 y\u0131l\u0131nda Adana\u2019da do\u011fdu.1994 senesinde girdi\u011fi Karadeniz Teknik \u00dcniversitesi Fatih E\u011fitim Fak\u00fcltesi,S\u0131n\u0131f \u00f6\u011fretmenli\u011fi b\u00f6l\u00fcm\u00fcnden 1998 y\u0131l\u0131nda mezun oldu.Ayn\u0131 y\u0131l Milli e\u011fitim Bakanl\u0131\u011f\u0131nda \u00f6\u011fretmenli\u011fe ba\u015flad\u0131.Do\u011fu g\u00f6revi i\u00e7in Hakkari ve sonras\u0131nda Trabzon\u2019da g\u00f6revine devam etti ve 2016 y\u0131l\u0131nda \u00f6zel sekt\u00f6re at\u0131ld\u0131.Trabzon Dikkat Merkezinde \u00e7al\u0131\u015fmalarda bulundu.2024 y\u0131l\u0131nda da Adana Dikkat klini\u011finde \u00f6zel ders ve \u00f6dev takibi hizmetlerinde bulunmakta.<\/p><h2 class=\"wp-block-heading\">Merhaba ben AKDEM Klinik kurucu hekimi Dr. Aziz Koca.<\/h2><p>Dr. Aziz Koca 1983 senesinde Adana\u2019de do\u011fdu. 2000 senesinde girdi\u011fi \u00c7ukurova \u00dcniversitesi T\u0131p Fak\u00fcltesinden 2006 senesinde mezun oldu. Mezuniyeti sonras\u0131nda \u00fclkemizin \u00f6nde gelen hastanelerinde g\u00f6rev yapt\u0131ktan sonra 2013 y\u0131l\u0131nda \u0130\u015eKENT OSGB\u2019yi kurdu. Bu s\u00fcre\u00e7te mezoterapi gibi birbirinden farkl\u0131 alanlarda sertifika ald\u0131. 2022 y\u0131l\u0131nda sa\u011fl\u0131k ve g\u00fczellik alan\u0131nda fark yaratmak i\u00e7in AKDEM Klini\u011fi kurdu.<\/p><h3 class=\"wp-block-heading\">\u00c7ukurova \u00dcniversitesi T\u0131p Fak\u00fcltesi<\/h3><p>2000-2006<\/p><h3 class=\"wp-block-heading\">Ba\u015fkent Hastanesi<\/h3><p>Hekim<\/p><h3 class=\"wp-block-heading\">Ortado\u011fu Hastanesi<\/h3><p>Hekim<\/p><ul class=\"wp-block-list\"><li>Klini\u011fimizde d\u00fcnyan\u0131n \u00f6nde gelen son teknoloji medikal ekipmanlar\u0131 kullan\u0131lmaktad\u0131r.<\/li>\n\n<li>Uygulamalar yetkili hekimler ve sa\u011fl\u0131k \u00e7al\u0131\u015fanlar\u0131 taraf\u0131ndan yap\u0131lmaktad\u0131r.<\/li><\/ul>","protected":false},"excerpt":{"rendered":"<p>Neurofeedback ve ilkokul 1.2.3 ve 4 s\u0131n\u0131flara \u00f6dev takibi \u00f6zel ders deste\u011fi sunuyoruz Misyonumuz:&nbsp;D\u00fcnyada ve T\u00fcrkiyede ba\u015far\u0131larla dolu ve yenilik\u00e7i<\/p>\n","protected":false},"author":1,"featured_media":0,"parent":0,"menu_order":0,"comment_status":"closed","ping_status":"closed","template":"","meta":{"footnotes":""},"class_list":["post-27189","page","type-page","status-publish","hentry"],"_links":{"self":[{"href":"https:\/\/adanadikkatklinigi.com.tr\/index.php\/wp-json\/wp\/v2\/pages\/27189","targetHints":{"allow":["GET"]}}],"collection":[{"href":"https:\/\/adanadikkatklinigi.com.tr\/index.php\/wp-json\/wp\/v2\/pages"}],"about":[{"href":"https:\/\/adanadikkatklinigi.com.tr\/index.php\/wp-json\/wp\/v2\/types\/page"}],"author":[{"embeddable":true,"href":"https:\/\/adanadikkatklinigi.com.tr\/index.php\/wp-json\/wp\/v2\/users\/1"}],"replies":[{"embeddable":true,"href":"https:\/\/adanadikkatklinigi.com.tr\/index.php\/wp-json\/wp\/v2\/comments?post=27189"}],"version-history":[{"count":3,"href":"https:\/\/adanadikkatklinigi.com.tr\/index.php\/wp-json\/wp\/v2\/pages\/27189\/revisions"}],"predecessor-version":[{"id":27255,"href":"https:\/\/adanadikkatklinigi.com.tr\/index.php\/wp-json\/wp\/v2\/pages\/27189\/revisions\/27255"}],"wp:attachment":[{"href":"https:\/\/adanadikkatklinigi.com.tr\/index.php\/wp-json\/wp\/v2\/media?parent=27189"}],"curies":[{"name":"wp","href":"https:\/\/api.w.org\/{rel}","templated":true}]}}