{"id":27203,"date":"2024-10-04T19:53:08","date_gmt":"2024-10-04T19:53:08","guid":{"rendered":"https:\/\/adanadikkatklinigi.com.tr\/?page_id=27203"},"modified":"2024-10-04T19:53:10","modified_gmt":"2024-10-04T19:53:10","slug":"adana-hiperaktivite","status":"publish","type":"page","link":"https:\/\/adanadikkatklinigi.com.tr\/index.php\/adana-hiperaktivite\/","title":{"rendered":"Adana hiperaktivite"},"content":{"rendered":"<h2 class=\"wp-block-heading\">Dikkat Eksikli\u011fi&nbsp;Hiperaktivite&nbsp;Bozuklu\u011fu (DEHB) &nbsp;nedir?<\/h2><p><em>\u00c7ocu\u011funuzda Hiperaktivite Oldu\u011funu D\u00fc\u015f\u00fcn\u00fcyorsan\u0131z, L\u00fctfen Yaz\u0131y\u0131 Sonuna Kadar Okuyunuz.<\/em><\/p><p>Dikkat Eksikli\u011fi&nbsp;<strong>Hiperaktivite<\/strong>&nbsp;Bozuklu\u011fu (DEHB), son derece&nbsp;<strong>\u00f6nemli akademik<\/strong>,<strong>&nbsp;sosyal ve psikiyatrik sorunlara<\/strong>&nbsp;yol a\u00e7abilen ve olumsuz etkileri&nbsp;<strong>ya\u015fam boyu s\u00fcrebilen<\/strong>&nbsp;bir durumdur.<\/p><p><strong>Dikkat Eksikli\u011fi&nbsp;Hiperaktivite&nbsp;Bozuklu\u011fu\u2019nun toplumda g\u00f6r\u00fclme s\u0131kl\u0131\u011f\u0131 nedir?<\/strong><\/p><p>Toplumda g\u00f6r\u00fclme s\u0131kl\u0131\u011f\u0131&nbsp;<strong>%5-7 gibi \u00e7ok y\u00fcksek orandad\u0131r<\/strong>, \u00e7ocuklukta ba\u015flay\u0131p %60-70 oran\u0131nda, yeti\u015fkinlikte de devam edebilen bir rahats\u0131zl\u0131kt\u0131r.<\/p><p>.Adana dikkat Eksikli\u011fi<br>.Seyhan hiperaktivite<br>.Seyhan otizm<br>.Seyhan dikkat eksikli\u011fi merkezi<br>.Seyhan \u00f6\u011frenme g\u00fc\u00e7l\u00fc\u011f\u00fc<br>.Seyhan disleksi<br>.Seyhan matematik \u00f6\u011frenme g\u00fc\u00e7l\u00fc\u011f\u00fc<br>.Seyhan s\u00f6zel yetenek okuma<br>.Seyhan \u00f6fke kontrol\u00fc<br>.Seyhan \u00e7o\u00e7uklarda korku<br>.Seyhan neurofeedback<br>.Seyhan neurofeedback seans\u0131<\/p>","protected":false},"excerpt":{"rendered":"<p>Dikkat Eksikli\u011fi&nbsp;Hiperaktivite&nbsp;Bozuklu\u011fu (DEHB) &nbsp;nedir? \u00c7ocu\u011funuzda Hiperaktivite Oldu\u011funu D\u00fc\u015f\u00fcn\u00fcyorsan\u0131z, L\u00fctfen Yaz\u0131y\u0131 Sonuna Kadar Okuyunuz. Dikkat Eksikli\u011fi&nbsp;Hiperaktivite&nbsp;Bozuklu\u011fu (DEHB), son derece&nbsp;\u00f6nemli akademik,&nbsp;sosyal ve<\/p>\n","protected":false},"author":1,"featured_media":0,"parent":0,"menu_order":0,"comment_status":"closed","ping_status":"closed","template":"","meta":{"footnotes":""},"class_list":["post-27203","page","type-page","status-publish","hentry"],"_links":{"self":[{"href":"https:\/\/adanadikkatklinigi.com.tr\/index.php\/wp-json\/wp\/v2\/pages\/27203","targetHints":{"allow":["GET"]}}],"collection":[{"href":"https:\/\/adanadikkatklinigi.com.tr\/index.php\/wp-json\/wp\/v2\/pages"}],"about":[{"href":"https:\/\/adanadikkatklinigi.com.tr\/index.php\/wp-json\/wp\/v2\/types\/page"}],"author":[{"embeddable":true,"href":"https:\/\/adanadikkatklinigi.com.tr\/index.php\/wp-json\/wp\/v2\/users\/1"}],"replies":[{"embeddable":true,"href":"https:\/\/adanadikkatklinigi.com.tr\/index.php\/wp-json\/wp\/v2\/comments?post=27203"}],"version-history":[{"count":1,"href":"https:\/\/adanadikkatklinigi.com.tr\/index.php\/wp-json\/wp\/v2\/pages\/27203\/revisions"}],"predecessor-version":[{"id":27204,"href":"https:\/\/adanadikkatklinigi.com.tr\/index.php\/wp-json\/wp\/v2\/pages\/27203\/revisions\/27204"}],"wp:attachment":[{"href":"https:\/\/adanadikkatklinigi.com.tr\/index.php\/wp-json\/wp\/v2\/media?parent=27203"}],"curies":[{"name":"wp","href":"https:\/\/api.w.org\/{rel}","templated":true}]}}