{"id":27205,"date":"2024-10-04T19:55:57","date_gmt":"2024-10-04T19:55:57","guid":{"rendered":"https:\/\/adanadikkatklinigi.com.tr\/?page_id=27205"},"modified":"2024-10-04T19:55:59","modified_gmt":"2024-10-04T19:55:59","slug":"adana-otizm","status":"publish","type":"page","link":"https:\/\/adanadikkatklinigi.com.tr\/index.php\/adana-otizm\/","title":{"rendered":"Adana Otizm"},"content":{"rendered":"<h3 class=\"wp-block-heading\" id=\"headline-24-13\">Otizm Nedir?<\/h3><p>Otizm spektrum bozuklu\u011fu, erken \u00e7ocukluk d\u00f6neminde ortaya \u00e7\u0131kan, bireyin ya\u015fam\u0131 boyunca s\u00fcren geli\u015fimsel yetersizlik ve n\u00f6rolojik bozukluktur. Otizm spektrum bozuklu\u011fu olan bireylerde davran\u0131\u015f a\u015f\u0131r\u0131l\u0131klar\u0131, sosyal ili\u015fkilerde g\u00fc\u00e7l\u00fck, ileti\u015fim becerilerinde yetersizlik ve rutinlere ba\u011fl\u0131l\u0131k g\u00f6zlemlenebilir.<\/p><h3 class=\"wp-block-heading\" id=\"headline-38-13\">Nedenleri Nelerdir?<\/h3><p>Otizm spektrum bozuklu\u011fu, tek ve bilinen bir sebeple a\u00e7\u0131klanamaz. Otizmin pek \u00e7ok fakt\u00f6r\u00fcn birbiriyle etkile\u015fimi sonucunda ortaya \u00e7\u0131kt\u0131\u011f\u0131 s\u00f6ylenmektedir. Son y\u0131llarda yap\u0131lan \u00e7al\u0131\u015fmalar hem genetik hem \u00e7evresel fakt\u00f6rlerin etkile\u015fiminden s\u00f6z etmektedir.<\/p><p>Otizmin \u00f6zellikleri ve \u015fiddet seviyesi ki\u015fiye g\u00f6re de\u011fi\u015fiklik g\u00f6stermekte olup a\u015fa\u011f\u0131da yer alan belirtiler genel olarak g\u00f6zlemlenmektedir.<\/p><h6 class=\"wp-block-heading\" id=\"headline-82-13\">1- Sosyal \u0130li\u015fkilerde G\u00fc\u00e7l\u00fck:<\/h6><p>\u2022 G\u00f6z temas\u0131 kuramama.<br>\u2022 Seslenildi\u011finde d\u00f6n\u00fcp bakmama, sanki i\u015fitmiyor gibi davranmak.<br>\u2022 Ya\u015f\u0131tlar\u0131 ile uygun ili\u015fki kuramamak, birlikte oynamamak.<br>\u2022 Tek ba\u015f\u0131na oldu\u011fu etkinlikleri tercih etme, ba\u015fka bir d\u00fcnyadaym\u0131\u015f gibi davranmak.<br>\u2022 Ba\u015fkalar\u0131n\u0131n sevin\u00e7 ve \u00fcz\u00fcnt\u00fclerine tepkisiz kalma.<br>\u2022 Kendi duygular\u0131n\u0131 payla\u015famama.<br>\u2022 Toplum kurallar\u0131n\u0131 anlama ve uygulamada g\u00fc\u00e7l\u00fck \u00e7ekmek.<br>\u2022 Ba\u015fkalar\u0131n\u0131n y\u00fcz ifadelerini anlamamak.<\/p><h6 class=\"wp-block-heading\" id=\"headline-87-13\">2- \u0130leti\u015fimde Zorluklar<\/h6><h6 class=\"wp-block-heading\" id=\"headline-92-13\">3- S\u0131n\u0131rl\u0131 ve Tekrarlay\u0131c\u0131 Davran\u0131\u015flar<\/h6><h6 class=\"wp-block-heading\" id=\"headline-97-13\">Otizm Spektrum Tan\u0131s\u0131 Nas\u0131l ve Kimler Taraf\u0131ndan Konulur?<\/h6><h6 class=\"wp-block-heading\" id=\"headline-102-13\">\u00c7ocu\u011funuz hen\u00fcz otizm tan\u0131s\u0131 almam\u0131\u015fsa hangi kurum ve uzmanlara ba\u015fvurabilirsiniz?<\/h6>","protected":false},"excerpt":{"rendered":"<p>Otizm Nedir? Otizm spektrum bozuklu\u011fu, erken \u00e7ocukluk d\u00f6neminde ortaya \u00e7\u0131kan, bireyin ya\u015fam\u0131 boyunca s\u00fcren geli\u015fimsel yetersizlik ve n\u00f6rolojik bozukluktur. Otizm<\/p>\n","protected":false},"author":1,"featured_media":0,"parent":0,"menu_order":0,"comment_status":"closed","ping_status":"closed","template":"","meta":{"footnotes":""},"class_list":["post-27205","page","type-page","status-publish","hentry"],"_links":{"self":[{"href":"https:\/\/adanadikkatklinigi.com.tr\/index.php\/wp-json\/wp\/v2\/pages\/27205","targetHints":{"allow":["GET"]}}],"collection":[{"href":"https:\/\/adanadikkatklinigi.com.tr\/index.php\/wp-json\/wp\/v2\/pages"}],"about":[{"href":"https:\/\/adanadikkatklinigi.com.tr\/index.php\/wp-json\/wp\/v2\/types\/page"}],"author":[{"embeddable":true,"href":"https:\/\/adanadikkatklinigi.com.tr\/index.php\/wp-json\/wp\/v2\/users\/1"}],"replies":[{"embeddable":true,"href":"https:\/\/adanadikkatklinigi.com.tr\/index.php\/wp-json\/wp\/v2\/comments?post=27205"}],"version-history":[{"count":1,"href":"https:\/\/adanadikkatklinigi.com.tr\/index.php\/wp-json\/wp\/v2\/pages\/27205\/revisions"}],"predecessor-version":[{"id":27206,"href":"https:\/\/adanadikkatklinigi.com.tr\/index.php\/wp-json\/wp\/v2\/pages\/27205\/revisions\/27206"}],"wp:attachment":[{"href":"https:\/\/adanadikkatklinigi.com.tr\/index.php\/wp-json\/wp\/v2\/media?parent=27205"}],"curies":[{"name":"wp","href":"https:\/\/api.w.org\/{rel}","templated":true}]}}