{"id":27207,"date":"2024-10-04T19:57:32","date_gmt":"2024-10-04T19:57:32","guid":{"rendered":"https:\/\/adanadikkatklinigi.com.tr\/?page_id=27207"},"modified":"2024-10-04T19:57:47","modified_gmt":"2024-10-04T19:57:47","slug":"adana-dikkat-eksikligi-merkezi","status":"publish","type":"page","link":"https:\/\/adanadikkatklinigi.com.tr\/index.php\/adana-dikkat-eksikligi-merkezi\/","title":{"rendered":"Adana dikkat eksikli\u011fi merkezi"},"content":{"rendered":"<p><strong>Diko-Ges&nbsp;Terapi Metodu<\/strong>, \u00f6zellikle&nbsp;<strong>dikkat eksili\u011fi, hiperaktivite bozuklu\u011fu<\/strong>,&nbsp;<strong>\u00f6zg\u00fcl \u00f6\u011frenme g\u00fc\u00e7l\u00fckleri<\/strong>, okul \u00e7a\u011f\u0131 uyum problemleri,<strong>&nbsp;\u00f6fke d\u00fcrt\u00fc kontrol bozuklu\u011fu<\/strong>, unutkanl\u0131k,&nbsp;<strong>tembellik<\/strong>&nbsp;gibi bir\u00e7ok okul \u00e7a\u011f\u0131 problemlerine ili\u015fkin etkin \u00e7\u00f6z\u00fcm sunar.<\/p><p>\u00dclkemizde \u00f6\u011frenim g\u00f6ren \u00f6\u011frencilerin hemen hemen %20 \u2018si nin yukar\u0131da sayd\u0131\u011f\u0131m\u0131z problemleri ya\u015fad\u0131\u011f\u0131n\u0131 d\u00fc\u015f\u00fcnd\u00fc\u011f\u00fcm\u00fczde,&nbsp;<strong>Diko-Ges Metodunun ne kadar \u00f6nemli bir \u00e7al\u0131\u015fma oldu\u011fu anla\u015f\u0131lmaktad\u0131r<\/strong>. Diko-Ges Metodu,&nbsp;<strong>her \u00e7ocuk \u00f6zeldir<\/strong>&nbsp;felsefesinden yola \u00e7\u0131km\u0131\u015f bir sistemdir. Her \u00e7ocuk \u00f6zeldir ve ya\u015fad\u0131\u011f\u0131 \u00f6zel problem \u00e7\u00f6z\u00fcl\u00fcrse&nbsp;<strong>mutlaka ba\u015far\u0131ya ula\u015f\u0131r<\/strong>. Diko-Ges Metodu, PDR Merkezi taraf\u0131ndan geli\u015ftirilmi\u015f ve y\u00fczlerce \u00f6\u011frencinin ba\u015far\u0131ya ula\u015fmas\u0131nda etkin rol oynam\u0131\u015ft\u0131r.&nbsp;<strong>Diko-Ges Metodu<\/strong>, \u00fclkemizde uygulanan sistemler i\u00e7erisinde&nbsp;<strong>en etkili \u00e7\u00f6z\u00fcm sunan<\/strong>&nbsp;sitemdir. Diko-Ges Metodu; Dan\u0131\u015fmanl\u0131k merkezi, Aile, \u00c7ocuk ve \u00d6\u011fretmen aras\u0131nda ge\u00e7en bir s\u00fcre\u00e7ten olu\u015fur.<\/p><p><\/p>","protected":false},"excerpt":{"rendered":"<p>Diko-Ges&nbsp;Terapi Metodu, \u00f6zellikle&nbsp;dikkat eksili\u011fi, hiperaktivite bozuklu\u011fu,&nbsp;\u00f6zg\u00fcl \u00f6\u011frenme g\u00fc\u00e7l\u00fckleri, okul \u00e7a\u011f\u0131 uyum problemleri,&nbsp;\u00f6fke d\u00fcrt\u00fc kontrol bozuklu\u011fu, unutkanl\u0131k,&nbsp;tembellik&nbsp;gibi bir\u00e7ok okul \u00e7a\u011f\u0131 problemlerine<\/p>\n","protected":false},"author":1,"featured_media":0,"parent":0,"menu_order":0,"comment_status":"closed","ping_status":"closed","template":"","meta":{"footnotes":""},"class_list":["post-27207","page","type-page","status-publish","hentry"],"_links":{"self":[{"href":"https:\/\/adanadikkatklinigi.com.tr\/index.php\/wp-json\/wp\/v2\/pages\/27207","targetHints":{"allow":["GET"]}}],"collection":[{"href":"https:\/\/adanadikkatklinigi.com.tr\/index.php\/wp-json\/wp\/v2\/pages"}],"about":[{"href":"https:\/\/adanadikkatklinigi.com.tr\/index.php\/wp-json\/wp\/v2\/types\/page"}],"author":[{"embeddable":true,"href":"https:\/\/adanadikkatklinigi.com.tr\/index.php\/wp-json\/wp\/v2\/users\/1"}],"replies":[{"embeddable":true,"href":"https:\/\/adanadikkatklinigi.com.tr\/index.php\/wp-json\/wp\/v2\/comments?post=27207"}],"version-history":[{"count":2,"href":"https:\/\/adanadikkatklinigi.com.tr\/index.php\/wp-json\/wp\/v2\/pages\/27207\/revisions"}],"predecessor-version":[{"id":27210,"href":"https:\/\/adanadikkatklinigi.com.tr\/index.php\/wp-json\/wp\/v2\/pages\/27207\/revisions\/27210"}],"wp:attachment":[{"href":"https:\/\/adanadikkatklinigi.com.tr\/index.php\/wp-json\/wp\/v2\/media?parent=27207"}],"curies":[{"name":"wp","href":"https:\/\/api.w.org\/{rel}","templated":true}]}}