{"id":27213,"date":"2024-10-04T20:03:28","date_gmt":"2024-10-04T20:03:28","guid":{"rendered":"https:\/\/adanadikkatklinigi.com.tr\/?page_id=27213"},"modified":"2024-10-04T20:03:29","modified_gmt":"2024-10-04T20:03:29","slug":"adana-disleksi","status":"publish","type":"page","link":"https:\/\/adanadikkatklinigi.com.tr\/index.php\/adana-disleksi\/","title":{"rendered":"Adana disleksi"},"content":{"rendered":"<h1 class=\"wp-block-heading\"><strong>Disleksi Nedir?<\/strong><\/h1><p>\u201c<strong>\u00d6zel \u00f6\u011frenme g\u00fc\u00e7l\u00fc\u011f\u00fc<\/strong>\u201d olarak adland\u0131r\u0131lan&nbsp;<strong>disleksi<\/strong>, okul \u00f6ncesi d\u00f6nemde belirtiler vermesine ra\u011fmen en \u00e7ok ilkokul d\u00f6neminde belirgin hale gelmektedir.<\/p><h2 class=\"wp-block-heading\"><strong>Disleksi Belirtileri Nelerdir?<\/strong><\/h2><ul class=\"wp-block-list\"><li>Harflerin anlamakta g\u00fc\u00e7l\u00fck \u00e7ekme<\/li>\n\n<li>Harf s\u0131ras\u0131n\u0131 atlama<\/li>\n\n<li>Benzer e\u015f sesli harfleri kar\u0131\u015ft\u0131rma<\/li>\n\n<li>Okuma esnas\u0131nda bir sonraki alt sat\u0131ra ge\u00e7mede zorluk<\/li>\n\n<li>Hece tekrarlar\u0131 yapma<\/li>\n\n<li>Harfleri okurken, yazarken harflerin yerini de\u011fi\u015ftirme<\/li><\/ul><p>\u00c7ocu\u011fun ya\u015f\u0131tlar\u0131na g\u00f6re ge\u00e7 okuyup yazmas\u0131 disleksi belirtisi olabilir.<\/p>","protected":false},"excerpt":{"rendered":"<p>Disleksi Nedir? \u201c\u00d6zel \u00f6\u011frenme g\u00fc\u00e7l\u00fc\u011f\u00fc\u201d olarak adland\u0131r\u0131lan&nbsp;disleksi, okul \u00f6ncesi d\u00f6nemde belirtiler vermesine ra\u011fmen en \u00e7ok ilkokul d\u00f6neminde belirgin hale gelmektedir.<\/p>\n","protected":false},"author":1,"featured_media":0,"parent":0,"menu_order":0,"comment_status":"closed","ping_status":"closed","template":"","meta":{"footnotes":""},"class_list":["post-27213","page","type-page","status-publish","hentry"],"_links":{"self":[{"href":"https:\/\/adanadikkatklinigi.com.tr\/index.php\/wp-json\/wp\/v2\/pages\/27213","targetHints":{"allow":["GET"]}}],"collection":[{"href":"https:\/\/adanadikkatklinigi.com.tr\/index.php\/wp-json\/wp\/v2\/pages"}],"about":[{"href":"https:\/\/adanadikkatklinigi.com.tr\/index.php\/wp-json\/wp\/v2\/types\/page"}],"author":[{"embeddable":true,"href":"https:\/\/adanadikkatklinigi.com.tr\/index.php\/wp-json\/wp\/v2\/users\/1"}],"replies":[{"embeddable":true,"href":"https:\/\/adanadikkatklinigi.com.tr\/index.php\/wp-json\/wp\/v2\/comments?post=27213"}],"version-history":[{"count":1,"href":"https:\/\/adanadikkatklinigi.com.tr\/index.php\/wp-json\/wp\/v2\/pages\/27213\/revisions"}],"predecessor-version":[{"id":27214,"href":"https:\/\/adanadikkatklinigi.com.tr\/index.php\/wp-json\/wp\/v2\/pages\/27213\/revisions\/27214"}],"wp:attachment":[{"href":"https:\/\/adanadikkatklinigi.com.tr\/index.php\/wp-json\/wp\/v2\/media?parent=27213"}],"curies":[{"name":"wp","href":"https:\/\/api.w.org\/{rel}","templated":true}]}}