{"id":27222,"date":"2024-10-04T20:21:08","date_gmt":"2024-10-04T20:21:08","guid":{"rendered":"https:\/\/adanadikkatklinigi.com.tr\/?page_id=27222"},"modified":"2024-10-04T20:21:09","modified_gmt":"2024-10-04T20:21:09","slug":"adana-cocuklarda-korku","status":"publish","type":"page","link":"https:\/\/adanadikkatklinigi.com.tr\/index.php\/adana-cocuklarda-korku\/","title":{"rendered":"Adana \u00e7o\u00e7uklarda korku"},"content":{"rendered":"<h2 class=\"wp-block-heading\">Kayg\u0131 \/ Korku ve Ebeveyn Tutumlar\u0131<\/h2><ul class=\"wp-block-list\"><li>Kayg\u0131 \/ Korku ve Ebeveyn Tutumlar\u0131<\/li><\/ul><p><img decoding=\"async\" src=\"https:\/\/www.drfatmaakkusozdemir.com\/uploads\/blog\/images\/4130540344.jpg\"><\/p><h2 class=\"wp-block-heading\">kayg\u0131 bozuklu\u011fu olan \u00e7ocuklar da ebeveynler \u00f6nce kendisine bakmal\u0131d\u0131r<\/h2><p><strong>nas\u0131l yani?<\/strong><\/p><ul class=\"wp-block-list\"><li>Kayg\u0131 bozuklu\u011fu genetik ge\u00e7i\u015fi y\u00fcksek bir hastal\u0131kt\u0131r! Anne\/Babada da olabilir<\/li>\n\n<li>Sorunlarla ba\u015f etme becerileri 12 ya\u015f \u00f6ncesi s\u0131kl\u0131kla anne\/ baba rol model al\u0131narak geli\u015fir<\/li>\n\n<li>Kayg\u0131 BULA\u015eICI\u2019d\u0131r<\/li><\/ul><h2 class=\"wp-block-heading\">Kayg\u0131 Bozuklu\u011fu Tan\u0131l\u0131 \u00c7ocuk ve Gen\u00e7lerde S\u0131kl\u0131kl\u0131kla G\u00f6r\u00fclen Ebeveyn Tutumlar\u0131<\/h2><ul class=\"wp-block-list\"><li>A\u015f\u0131r\u0131 kuralc\u0131-bask\u0131c\u0131<\/li>\n\n<li>M\u00fckemmelliyet\u00e7i-ele\u015ftirel<\/li>\n\n<li>A\u015f\u0131r\u0131 koruyucu- kollay\u0131c\u0131<\/li>\n\n<li>\u00c7ocu\u011fun korku ve kayg\u0131s\u0131n\u0131 y\u00fcreklendirmek ad\u0131na k\u00fc\u00e7\u00fcmsemeyin \u201ckocaman \u00e7ocuksun sen \u201cO\u201dndan korkulur mu?<\/li>\n\n<li>Bir durumu de\u011fi\u015ftirebilmek i\u00e7in \u00f6nce kabul etmek gerekir unutmay\u0131n\u201d inkar ya da yok saymak\u201d de\u011fil!<\/li><\/ul><p>\u00c7ocu\u011fun kayg\u0131s\u0131n\u0131 peki\u015ftiren davran\u0131\u015flardan ka\u00e7\u0131n\u0131n ;<\/p><p>ebeveynin,<\/p><p>paniklemesi<\/p><p>\u00f6nlem almas\u0131<\/p><p>a\u015f\u0131r\u0131 ilgi-pozitif kazan\u00e7 sa\u011flamas\u0131<\/p><p>s\u00fcrekli onaylamas\u0131 gibi&#8230;<\/p><h2 class=\"wp-block-heading\">Sosyal kayg\u0131 bozuklu\u011fu ya da selektif mutizm de s\u0131kl\u0131kla yap\u0131lan yanl\u0131\u015f tutumlar:<\/h2><p>Bask\u0131: hadi teyze\/amca sana soruyor! (\u00e7ocu\u011funuzda i\u015fitme kayb\u0131 yok sadece o stresin artmamas\u0131na ihtiyac\u0131 var)<\/p><p>Ya da Otomatik olarak \u00e7ocu\u011fa sorulan sorulara ebeveynin cevap vermesi ( burda da \u00e7ocu\u011fun stresle y\u00fczle\u015fmesi engelleniyor)<\/p><h2 class=\"wp-block-heading\">Ayr\u0131l\u0131k kayg\u0131s\u0131 bozuklu\u011funda ise;<\/h2><p>\u00e7ocukta ebeveyne yap\u0131\u015fma davran\u0131\u015f\u0131 oldu\u011fu i\u00e7in \u201chadi g\u00f6rmeden ka\u00e7\u201d ya da \u201coyuna dald\u0131 sen git\u201d tutumlar\u0131 s\u0131kl\u0131kla yap\u0131lan yanl\u0131\u015flard\u0131r<\/p><h2 class=\"wp-block-heading\">S\u0131nav kayg\u0131s\u0131 olan \u00e7ocuklarda ise;<\/h2><p>Beklentinin y\u00fcksek olmas\u0131;<\/p><p>\u201dstres olma biz sana g\u00fcveniyoruz\u201d \u201csen \u00e7al\u0131\u015fkan birisisin ba\u015faracaks\u0131n\u201d gibi c\u00fcmleler beklenti y\u00fckl\u00fc c\u00fcmlelerdir<\/p><p>\u00c7ocu\u011funuzun ba\u015far\u0131s\u0131n\u0131 de\u011fil \u00e7abas\u0131n\u0131 takdir edin<\/p>","protected":false},"excerpt":{"rendered":"<p>Kayg\u0131 \/ Korku ve Ebeveyn Tutumlar\u0131 kayg\u0131 bozuklu\u011fu olan \u00e7ocuklar da ebeveynler \u00f6nce kendisine bakmal\u0131d\u0131r nas\u0131l yani? Kayg\u0131 Bozuklu\u011fu Tan\u0131l\u0131<\/p>\n","protected":false},"author":1,"featured_media":0,"parent":0,"menu_order":0,"comment_status":"closed","ping_status":"closed","template":"","meta":{"footnotes":""},"class_list":["post-27222","page","type-page","status-publish","hentry"],"_links":{"self":[{"href":"https:\/\/adanadikkatklinigi.com.tr\/index.php\/wp-json\/wp\/v2\/pages\/27222","targetHints":{"allow":["GET"]}}],"collection":[{"href":"https:\/\/adanadikkatklinigi.com.tr\/index.php\/wp-json\/wp\/v2\/pages"}],"about":[{"href":"https:\/\/adanadikkatklinigi.com.tr\/index.php\/wp-json\/wp\/v2\/types\/page"}],"author":[{"embeddable":true,"href":"https:\/\/adanadikkatklinigi.com.tr\/index.php\/wp-json\/wp\/v2\/users\/1"}],"replies":[{"embeddable":true,"href":"https:\/\/adanadikkatklinigi.com.tr\/index.php\/wp-json\/wp\/v2\/comments?post=27222"}],"version-history":[{"count":1,"href":"https:\/\/adanadikkatklinigi.com.tr\/index.php\/wp-json\/wp\/v2\/pages\/27222\/revisions"}],"predecessor-version":[{"id":27223,"href":"https:\/\/adanadikkatklinigi.com.tr\/index.php\/wp-json\/wp\/v2\/pages\/27222\/revisions\/27223"}],"wp:attachment":[{"href":"https:\/\/adanadikkatklinigi.com.tr\/index.php\/wp-json\/wp\/v2\/media?parent=27222"}],"curies":[{"name":"wp","href":"https:\/\/api.w.org\/{rel}","templated":true}]}}